{"id":22563,"date":"2023-07-31T06:03:39","date_gmt":"2023-07-30T23:03:39","guid":{"rendered":"https:\/\/thesages.vn\/product\/khan-tui-mau-xanh-hai-quan-hinh-nguoi-tuyet-ts0050\/"},"modified":"2023-07-31T06:03:39","modified_gmt":"2023-07-30T23:03:39","slug":"khan-tui-mau-xanh-hai-quan-hinh-nguoi-tuyet-ts0050","status":"publish","type":"product","link":"https:\/\/thesages.vn\/vi\/san-pham\/khan-tui-mau-xanh-hai-quan-hinh-nguoi-tuyet-ts0050\/","title":{"rendered":"Kh\u0103n t\u00fai m\u00e0u xanh h\u1ea3i qu\u00e2n h\u00ecnh ng\u01b0\u1eddi tuy\u1ebft \u2013 TS0050"},"content":{"rendered":"","protected":false},"excerpt":{"rendered":"","protected":false},"featured_media":19897,"template":"","meta":[],"product_cat":[223,241],"product_tag":[249,230],"class_list":["post-22563","product","type-product","status-publish","has-post-thumbnail","hentry","product_cat-phu-kien","product_cat-khan-tui","product_tag-khan-tui","product_tag-phu-kien"],"_links":{"self":[{"href":"https:\/\/thesages.vn\/vi\/wp-json\/wp\/v2\/product\/22563","targetHints":{"allow":["GET"]}}],"collection":[{"href":"https:\/\/thesages.vn\/vi\/wp-json\/wp\/v2\/product"}],"about":[{"href":"https:\/\/thesages.vn\/vi\/wp-json\/wp\/v2\/types\/product"}],"wp:featuredmedia":[{"embeddable":true,"href":"https:\/\/thesages.vn\/vi\/wp-json\/wp\/v2\/media\/19897"}],"wp:attachment":[{"href":"https:\/\/thesages.vn\/vi\/wp-json\/wp\/v2\/media?parent=22563"}],"wp:term":[{"taxonomy":"product_cat","embeddable":true,"href":"https:\/\/thesages.vn\/vi\/wp-json\/wp\/v2\/product_cat?post=22563"},{"taxonomy":"product_tag","embeddable":true,"href":"https:\/\/thesages.vn\/vi\/wp-json\/wp\/v2\/product_tag?post=22563"}],"curies":[{"name":"wp","href":"https:\/\/api.w.org\/{rel}","templated":true}]}}